{"id":1757,"date":"2024-05-26T07:22:24","date_gmt":"2024-05-26T07:22:24","guid":{"rendered":"https:\/\/tenispro1996.com\/?page_id=1757"},"modified":"2024-05-26T07:43:12","modified_gmt":"2024-05-26T07:43:12","slug":"about_as","status":"publish","type":"page","link":"https:\/\/tenispro1996.com\/en\/about_as\/","title":{"rendered":"About As"},"content":{"rendered":"<div data-elementor-type=\"wp-page\" data-elementor-id=\"1757\" class=\"elementor elementor-1757\">\n\t\t\t\t<div class=\"elementor-element elementor-element-42397a71 e-flex e-con-boxed e-con e-parent\" data-id=\"42397a71\" data-element_type=\"container\" data-settings=\"{&quot;background_background&quot;:&quot;gradient&quot;}\">\n\t\t\t\t\t<div class=\"e-con-inner\">\n\t\t\t\t<div class=\"elementor-element elementor-element-7fc8c6d5 elementor-widget__width-inherit elementor-widget elementor-widget-text-editor\" data-id=\"7fc8c6d5\" data-element_type=\"widget\" data-widget_type=\"text-editor.default\">\n\t\t\t\t<div class=\"elementor-widget-container\">\n\t\t\t<style>\/*! elementor - v3.21.0 - 26-05-2024 *\/\n.elementor-widget-text-editor.elementor-drop-cap-view-stacked .elementor-drop-cap{background-color:#69727d;color:#fff}.elementor-widget-text-editor.elementor-drop-cap-view-framed .elementor-drop-cap{color:#69727d;border:3px solid;background-color:transparent}.elementor-widget-text-editor:not(.elementor-drop-cap-view-default) .elementor-drop-cap{margin-top:8px}.elementor-widget-text-editor:not(.elementor-drop-cap-view-default) .elementor-drop-cap-letter{width:1em;height:1em}.elementor-widget-text-editor .elementor-drop-cap{float:left;text-align:center;line-height:1;font-size:50px}.elementor-widget-text-editor .elementor-drop-cap-letter{display:inline-block}<\/style>\t\t\t\t<!-- wp:image {\"id\":1156,\"sizeSlug\":\"large\",\"linkDestination\":\"none\"} -->\n<figure class=\"wp-block-image size-large\"><img fetchpriority=\"high\" decoding=\"async\" width=\"1024\" height=\"595\" src=\"https:\/\/tenispro1996.com\/wp-content\/uploads\/2024\/05\/Baner-2017-1024x595.jpg?_t=1715341694\" alt=\"\" class=\"wp-image-1156\" srcset=\"https:\/\/tenispro1996.com\/wp-content\/uploads\/2024\/05\/Baner-2017-1024x595.jpg 1024w, https:\/\/tenispro1996.com\/wp-content\/uploads\/2024\/05\/Baner-2017-300x174.jpg 300w, https:\/\/tenispro1996.com\/wp-content\/uploads\/2024\/05\/Baner-2017-768x446.jpg 768w, https:\/\/tenispro1996.com\/wp-content\/uploads\/2024\/05\/Baner-2017-1536x892.jpg 1536w, https:\/\/tenispro1996.com\/wp-content\/uploads\/2024\/05\/Baner-2017-2048x1190.jpg 2048w, https:\/\/tenispro1996.com\/wp-content\/uploads\/2024\/05\/Baner-2017-600x349.jpg 600w\" sizes=\"(max-width: 1024px) 100vw, 1024px\" \/><\/figure>\n<!-- \/wp:image -->\t\t\t\t\t\t<\/div>\n\t\t\t\t<\/div>\n\t\t\t\t\t<\/div>\n\t\t\t\t<\/div>\n\t\t<div class=\"elementor-element elementor-element-25c2b8e e-flex e-con-boxed e-con e-parent\" data-id=\"25c2b8e\" data-element_type=\"container\">\n\t\t\t\t\t<div class=\"e-con-inner\">\n\t\t\t\t<div class=\"elementor-element elementor-element-ec8829f elementor-widget__width-initial elementor-widget elementor-widget-text-editor\" data-id=\"ec8829f\" data-element_type=\"widget\" data-widget_type=\"text-editor.default\">\n\t\t\t\t<div class=\"elementor-widget-container\">\n\t\t\t\t\t\t\t<p>The conceptual creator of the &#8220;Tenis Pro&#8221; tennis club in Sarajevo was a great tennis enthusiast, the first post-war Davis Cup selector for Bosnia and Herzegovina, Mr. Namik TERZIMEHI\u0106, who, together with Haris KAFED\u017dI\u0106, founded the citizens&#8217; association called Tennis Club &#8220;TENIS PRO&#8221; Sarajevo at the beginning of 1996, with the club&#8217;s first registration dating back to April 11, 1996.<\/p>\n<p>The basic motto and guiding idea for the establishment of the club was the revitalization of tennis in Sarajevo and Bosnia and Herzegovina, as well as the promotion of healthy upbringing for young people after the traumas of war. Instead of numerous negative challenges for young people, our desire was to offer a socially beneficial option of engaging in tennis and, consequently, to foster the creation of new tennis champions, following the devastating aggression on our country where almost all tennis courts in Sarajevo were destroyed and tennis as a sport hardly existed.<\/p>\n<p>A group of tennis enthusiasts gathered around Namik Terzimehi\u0107 and Haris Kafed\u017ei\u0107, who were members of the management of TC &#8220;Bosna,&#8221; the only tennis club before the war, initiated a successful tennis story in 1996, which was crowned by cooperation with perhaps the most famous tennis club in the world, the Royal Tennis Club from Barcelona, Real Tenis Club de Barcelona 1899, a club with a century-old tradition and world-famous players such as Rafael NADAL, Carlos ALCARAZ, Carlos MOYA, \u00c0lex Corretja, Arantxa S\u00e1nchez Vicario, Conchita Mart\u00ednez, and many others.<\/p>\n<p>The President of RCTB 1899, Mr. Juan Maria TINTORE, at the request of the then Mayor of Barcelona, Mr. Pasqal MARGALL, and upon the recommendation of journalist Carles BOSCH, who was a war reporter in besieged Sarajevo, established contact with Haris Kafed\u017ei\u0107, and with Mr. Tintore&#8217;s visit to Sarajevo at the end of 1996, a fruitful cooperation between the two clubs was officially established, which is still active. On that occasion, Mr. Tintore presented our club with a huge amount of new tennis equipment and gear, a gift from RCTB 1899, which we distributed to members of all Sarajevo tennis clubs in his presence. It was then that the spontaneous idea arose to organize an international tennis tournament for boys and girls up to the age of 16, which would be included in the Junior Tour TENNIS EUROPE calendar. With great personal support and lobbying from Mr. Tintore, TENISS EUROPE agreed to include the tournament in its calendar under the name &#8220;OPEN RCT BARCELONA 1899 &#8211; SARAJEVO 1996,&#8221; as a category IV tournament.<\/p>\n<p>Through dedicated work and immense enthusiasm of the people around TC &#8220;TENIS PRO 1996,&#8221; with the support primarily of the Canton and the City of Sarajevo, as well as other institutions and sponsors, and with the mentorship of RCTB 1899 and the personal engagement of our honorary President Mr. Tintore, our tournament has reached the highest level of &#8220;top level events for best players,&#8221; of which there are only 7 in Europe (Barcelona, Warsaw, Torello, Aviles, Hummene, Tolentino, and Sarajevo).<\/p>\n<p>For twenty-eight years now, as we have been organizing this already large sports event, the Barcelona club has been providing us with great support. Thanks to them and our sponsors, year after year, we create opportunities for young tennis players from Bosnia and Herzegovina to promote themselves and position themselves on European rankings.<\/p>\n<p>The main sports goal of this tournament is to assist our young tennis players in gaining points and improving their ranking on the Tennis Europe junior list.<\/p>\n<p>Special emphasis has been placed on engaging young people to, through years of cooperation with the Royal Tennis Club from Barcelona, forge new friendships with peers from Barcelona and nurture the traditional friendship between the two Olympic cities.<\/p>\n<p>\u00a0<\/p>\n<p>Every year, the City of Sarajevo and our club host over a hundred tennis players from many European countries, and from year to year, the interest in this prestigious European tournament has exceeded all expectations.<\/p>\n<p>So far, we have had a large number of participants from many European countries such as Spain, Portugal, Germany, Austria, Sweden, Denmark, Norway, France, Italy, Hungary, Serbia, Romania, Ukraine, Croatia, Slovenia, Macedonia, Montenegro, Turkey, Poland, Russia, the Czech Republic, Latvia, Great Britain, Slovakia, Poland, Israel, Cyprus, Estonia, Azerbaijan, and of course, Bosnia and Herzegovina, and in recent years, we have also had participants from the United States, Australia, China, Canada, and Japan.<\/p>\n<p>What we are particularly proud of is the fact that our tournament has featured, and continues to feature, now-renowned tennis names such as Marin \u010cILI\u0106, Damir D\u017dUMHUR, our most successful tennis player of all time, Mirza BA\u0160I\u0106, the 2008 winner Ivan DODIG, Nerman FATI\u0106, Tomislav BRKI\u0106, Aldin \u0160ETKI\u0106, Nina HASANDEDI\u0106, the 2009 winner, Mervana JUGI\u0106, Jasmina TINJI\u0106, Dea HERD\u017dELA\u0160, Nefisa BERBEROVI\u0106, and we particularly highlight the participation of the current world No. 3, Danil MEDVEDEV, as well as Laslo DJERE, Ante and Mate PAVI\u0106, Pe\u0111a KRSTIN, who were winners of our tournament, and many others who have contributed to the high renown of the tournament.<\/p>\n<p>Every year at the end of our tournament, a delegation from RCTB 1899 and the City of Barcelona attends, and we fondly remember the visits of our honorary president, Mr. Juan Maria TINTORE, who until his death on February 5, 2020, visited Sarajevo 38 times.<\/p>\n<p>At the 25th &#8220;OPEN RCT BARCELONA 1899 &#8211; SARAJEVO 2021,&#8221; we had the honor of hosting the current president of the &#8220;Real Tenis Club de Barcelona 1899,&#8221; Mr. Jordi Cambra SANCHEZ, and in previous years, the tournament guests included vice president Sonia ROIG, vice president Carlos RODRIGUEZ, as well as representatives of the Tintore family and delegates from the City of Barcelona Berta Tintore and Santiago Tintore.<\/p>\t\t\t\t\t\t<\/div>\n\t\t\t\t<\/div>\n\t\t\t\t\t<\/div>\n\t\t\t\t<\/div>\n\t\t\t\t<\/div>","protected":false},"excerpt":{"rendered":"<p>The conceptual creator of the &#8220;Tenis Pro&#8221; tennis club in Sarajevo was a great tennis enthusiast, the first post-war Davis Cup selector for Bosnia and Herzegovina, Mr. Namik TERZIMEHI\u0106, who, together with Haris KAFED\u017dI\u0106, founded the citizens&#8217; association called Tennis Club &#8220;TENIS PRO&#8221; Sarajevo at the beginning of 1996, with the club&#8217;s first registration dating back to April 11, 1996. The basic motto and guiding idea for the establishment of the club was the revitalization of tennis in Sarajevo and Bosnia and Herzegovina, as well as the promotion of healthy upbringing for young people after the traumas of war. Instead of numerous negative challenges for young people, our desire was to offer a socially beneficial option of engaging&hellip;<\/p>","protected":false},"author":1,"featured_media":0,"parent":0,"menu_order":0,"comment_status":"closed","ping_status":"closed","template":"template-parts\/template-no-sidebar.php","meta":{"ngg_post_thumbnail":0,"footnotes":""},"class_list":["post-1757","page","type-page","status-publish","hentry"],"_links":{"self":[{"href":"https:\/\/tenispro1996.com\/en\/wp-json\/wp\/v2\/pages\/1757","targetHints":{"allow":["GET"]}}],"collection":[{"href":"https:\/\/tenispro1996.com\/en\/wp-json\/wp\/v2\/pages"}],"about":[{"href":"https:\/\/tenispro1996.com\/en\/wp-json\/wp\/v2\/types\/page"}],"author":[{"embeddable":true,"href":"https:\/\/tenispro1996.com\/en\/wp-json\/wp\/v2\/users\/1"}],"replies":[{"embeddable":true,"href":"https:\/\/tenispro1996.com\/en\/wp-json\/wp\/v2\/comments?post=1757"}],"version-history":[{"count":15,"href":"https:\/\/tenispro1996.com\/en\/wp-json\/wp\/v2\/pages\/1757\/revisions"}],"predecessor-version":[{"id":1775,"href":"https:\/\/tenispro1996.com\/en\/wp-json\/wp\/v2\/pages\/1757\/revisions\/1775"}],"wp:attachment":[{"href":"https:\/\/tenispro1996.com\/en\/wp-json\/wp\/v2\/media?parent=1757"}],"curies":[{"name":"wp","href":"https:\/\/api.w.org\/{rel}","templated":true}]}}